{"id":2187,"date":"2026-01-04T17:42:08","date_gmt":"2026-01-04T17:42:08","guid":{"rendered":"https:\/\/der-grieswirt.at\/impressum\/"},"modified":"2026-01-04T17:42:08","modified_gmt":"2026-01-04T17:42:08","slug":"impressum","status":"publish","type":"page","link":"https:\/\/der-grieswirt.at\/en\/impressum\/","title":{"rendered":"Impressum"},"content":{"rendered":"\t\t<div data-elementor-type=\"wp-page\" data-elementor-id=\"2187\" class=\"elementor elementor-2187 elementor-2113\">\n\t\t\t\t<div class=\"elementor-element elementor-element-714faee e-flex e-con-boxed e-con e-parent\" data-id=\"714faee\" data-element_type=\"container\" data-e-type=\"container\" data-settings=\"{&quot;background_background&quot;:&quot;classic&quot;,&quot;shape_divider_bottom&quot;:&quot;curve&quot;,&quot;shape_divider_bottom_negative&quot;:&quot;yes&quot;}\">\n\t\t\t\t\t<div class=\"e-con-inner\">\n\t\t\t\t<div class=\"elementor-shape elementor-shape-bottom\" aria-hidden=\"true\" data-negative=\"true\">\n\t\t\t<svg xmlns=\"http:\/\/www.w3.org\/2000\/svg\" viewBox=\"0 0 1000 100\" preserveAspectRatio=\"none\">\n\t<path class=\"elementor-shape-fill\" d=\"M500,97C126.7,96.3,0.8,19.8,0,0v100l1000,0V1C1000,19.4,873.3,97.8,500,97z\"\/>\n<\/svg>\t\t<\/div>\n\t\t<div class=\"elementor-element elementor-element-443caed e-con-full e-flex e-con e-child\" data-id=\"443caed\" data-element_type=\"container\" data-e-type=\"container\">\n\t\t\t\t<div class=\"elementor-element elementor-element-42c4cee elementor-widget elementor-widget-heading\" data-id=\"42c4cee\" data-element_type=\"widget\" data-e-type=\"widget\" data-widget_type=\"heading.default\">\n\t\t\t\t\t<h1 class=\"elementor-heading-title elementor-size-default\">Impressum<\/h1>\t\t\t\t<\/div>\n\t\t\t\t<\/div>\n\t\t\t\t\t<\/div>\n\t\t\t\t<\/div>\n\t\t<div class=\"elementor-element elementor-element-573ca35 e-flex e-con-boxed e-con e-parent\" data-id=\"573ca35\" data-element_type=\"container\" data-e-type=\"container\">\n\t\t\t\t\t<div class=\"e-con-inner\">\n\t\t\t\t<div class=\"elementor-element elementor-element-910e238 elementor-widget elementor-widget-html\" data-id=\"910e238\" data-element_type=\"widget\" data-e-type=\"widget\" data-widget_type=\"html.default\">\n\t\t\t\t\t<p><strong>Impressum<\/strong><\/p>\r\n\r\n<p>\r\nGrieswirt KG<br>\r\nAli G\u00f6rg\u00fcl\u00fc<br>\r\nIm Gries 4<br>\r\n6580 St. Anton am Arlberg<br>\r\n\u00d6sterreich\r\n<\/p>\r\n\r\n<p>\r\nTelefon: <a href=\"tel:+436649111571\">+43 664 9111571<\/a><br>\r\nE-Mail: <a href=\"mailto:info@der-grieswirt.at\">info@der-grieswirt.at<\/a>\r\n<\/p>\r\n\r\n<p>\r\nUID-Nummer: ATU81274149\r\n<\/p>\r\n\t\t\t\t<\/div>\n\t\t\t\t\t<\/div>\n\t\t\t\t<\/div>\n\t\t\t\t<\/div>\n\t\t","protected":false},"excerpt":{"rendered":"<p>Impressum Impressum Grieswirt KG Ali G\u00f6rg\u00fcl\u00fc Im Gries 4 6580 St. Anton am Arlberg \u00d6sterreich Telefon: +43 664 9111571 E-Mail: info@der-grieswirt.at UID-Nummer: ATU81274149<\/p>\n","protected":false},"author":1,"featured_media":0,"parent":0,"menu_order":0,"comment_status":"closed","ping_status":"closed","template":"","meta":{"site-sidebar-layout":"no-sidebar","site-content-layout":"page-builder","ast-site-content-layout":"default","site-content-style":"default","site-sidebar-style":"default","ast-global-header-display":"","ast-banner-title-visibility":"","ast-main-header-display":"","ast-hfb-above-header-display":"","ast-hfb-below-header-display":"","ast-hfb-mobile-header-display":"","site-post-title":"disabled","ast-breadcrumbs-content":"disabled","ast-featured-img":"disabled","footer-sml-layout":"","ast-disable-related-posts":"","theme-transparent-header-meta":"enabled","adv-header-id-meta":"","stick-header-meta":"","header-above-stick-meta":"","header-main-stick-meta":"","header-below-stick-meta":"","astra-migrate-meta-layouts":"default","ast-page-background-enabled":"default","ast-page-background-meta":{"desktop":{"background-color":"","background-image":"","background-repeat":"repeat","background-position":"center center","background-size":"auto","background-attachment":"scroll","background-type":"","background-media":"","overlay-type":"","overlay-color":"","overlay-opacity":"","overlay-gradient":""},"tablet":{"background-color":"","background-image":"","background-repeat":"repeat","background-position":"center center","background-size":"auto","background-attachment":"scroll","background-type":"","background-media":"","overlay-type":"","overlay-color":"","overlay-opacity":"","overlay-gradient":""},"mobile":{"background-color":"","background-image":"","background-repeat":"repeat","background-position":"center center","background-size":"auto","background-attachment":"scroll","background-type":"","background-media":"","overlay-type":"","overlay-color":"","overlay-opacity":"","overlay-gradient":""}},"ast-content-background-meta":{"desktop":{"background-color":"var(--ast-global-color-5)","background-image":"","background-repeat":"repeat","background-position":"center center","background-size":"auto","background-attachment":"scroll","background-type":"","background-media":"","overlay-type":"","overlay-color":"","overlay-opacity":"","overlay-gradient":""},"tablet":{"background-color":"var(--ast-global-color-5)","background-image":"","background-repeat":"repeat","background-position":"center center","background-size":"auto","background-attachment":"scroll","background-type":"","background-media":"","overlay-type":"","overlay-color":"","overlay-opacity":"","overlay-gradient":""},"mobile":{"background-color":"var(--ast-global-color-5)","background-image":"","background-repeat":"repeat","background-position":"center center","background-size":"auto","background-attachment":"scroll","background-type":"","background-media":"","overlay-type":"","overlay-color":"","overlay-opacity":"","overlay-gradient":""}},"footnotes":""},"class_list":["post-2187","page","type-page","status-publish","hentry"],"yoast_head":"<!-- This site is optimized with the Yoast SEO plugin v26.6 - https:\/\/yoast.com\/wordpress\/plugins\/seo\/ -->\n<title>Impressum - Ihr Restaurant in St. Anton am Arlberg<\/title>\n<meta name=\"robots\" content=\"index, follow, max-snippet:-1, max-image-preview:large, max-video-preview:-1\" \/>\n<link rel=\"canonical\" href=\"https:\/\/der-grieswirt.at\/en\/impressum\/\" \/>\n<meta property=\"og:locale\" content=\"en_US\" \/>\n<meta property=\"og:type\" content=\"article\" \/>\n<meta property=\"og:title\" content=\"Impressum - Ihr Restaurant in St. Anton am Arlberg\" \/>\n<meta property=\"og:description\" content=\"Impressum Impressum Grieswirt KG Ali G\u00f6rg\u00fcl\u00fc Im Gries 4 6580 St. Anton am Arlberg \u00d6sterreich Telefon: +43 664 9111571 E-Mail: info@der-grieswirt.at UID-Nummer: ATU81274149\" \/>\n<meta property=\"og:url\" content=\"https:\/\/der-grieswirt.at\/en\/impressum\/\" \/>\n<meta property=\"og:site_name\" content=\"Ihr Restaurant in St. Anton am Arlberg\" \/>\n<meta name=\"twitter:card\" content=\"summary_large_image\" \/>\n<meta name=\"twitter:label1\" content=\"Est. reading time\" \/>\n\t<meta name=\"twitter:data1\" content=\"2 minutes\" \/>\n<script type=\"application\/ld+json\" class=\"yoast-schema-graph\">{\"@context\":\"https:\/\/schema.org\",\"@graph\":[{\"@type\":\"WebPage\",\"@id\":\"https:\/\/der-grieswirt.at\/en\/impressum\/\",\"url\":\"https:\/\/der-grieswirt.at\/en\/impressum\/\",\"name\":\"Impressum - Ihr Restaurant in St. Anton am Arlberg\",\"isPartOf\":{\"@id\":\"https:\/\/der-grieswirt.at\/en\/#website\"},\"datePublished\":\"2026-01-04T17:42:08+00:00\",\"breadcrumb\":{\"@id\":\"https:\/\/der-grieswirt.at\/en\/impressum\/#breadcrumb\"},\"inLanguage\":\"en-US\",\"potentialAction\":[{\"@type\":\"ReadAction\",\"target\":[\"https:\/\/der-grieswirt.at\/en\/impressum\/\"]}]},{\"@type\":\"BreadcrumbList\",\"@id\":\"https:\/\/der-grieswirt.at\/en\/impressum\/#breadcrumb\",\"itemListElement\":[{\"@type\":\"ListItem\",\"position\":1,\"name\":\"Start\",\"item\":\"https:\/\/der-grieswirt.at\/en\/\"},{\"@type\":\"ListItem\",\"position\":2,\"name\":\"Impressum\"}]},{\"@type\":\"WebSite\",\"@id\":\"https:\/\/der-grieswirt.at\/en\/#website\",\"url\":\"https:\/\/der-grieswirt.at\/en\/\",\"name\":\"Ihr Restaurant in St. Anton am Arlberg\",\"description\":\"\",\"publisher\":{\"@id\":\"https:\/\/der-grieswirt.at\/en\/#organization\"},\"potentialAction\":[{\"@type\":\"SearchAction\",\"target\":{\"@type\":\"EntryPoint\",\"urlTemplate\":\"https:\/\/der-grieswirt.at\/en\/?s={search_term_string}\"},\"query-input\":{\"@type\":\"PropertyValueSpecification\",\"valueRequired\":true,\"valueName\":\"search_term_string\"}}],\"inLanguage\":\"en-US\"},{\"@type\":\"Organization\",\"@id\":\"https:\/\/der-grieswirt.at\/en\/#organization\",\"name\":\"Ihr Restaurant in St. Anton am Arlberg\",\"url\":\"https:\/\/der-grieswirt.at\/en\/\",\"logo\":{\"@type\":\"ImageObject\",\"inLanguage\":\"en-US\",\"@id\":\"https:\/\/der-grieswirt.at\/en\/#\/schema\/logo\/image\/\",\"url\":\"https:\/\/der-grieswirt.at\/wp-content\/uploads\/2026\/01\/Der_grieswirt_footer-1.png\",\"contentUrl\":\"https:\/\/der-grieswirt.at\/wp-content\/uploads\/2026\/01\/Der_grieswirt_footer-1.png\",\"width\":600,\"height\":200,\"caption\":\"Ihr Restaurant in St. Anton am Arlberg\"},\"image\":{\"@id\":\"https:\/\/der-grieswirt.at\/en\/#\/schema\/logo\/image\/\"}}]}<\/script>\n<!-- \/ Yoast SEO plugin. -->","yoast_head_json":{"title":"Impressum - Ihr Restaurant in St. Anton am Arlberg","robots":{"index":"index","follow":"follow","max-snippet":"max-snippet:-1","max-image-preview":"max-image-preview:large","max-video-preview":"max-video-preview:-1"},"canonical":"https:\/\/der-grieswirt.at\/en\/impressum\/","og_locale":"en_US","og_type":"article","og_title":"Impressum - Ihr Restaurant in St. Anton am Arlberg","og_description":"Impressum Impressum Grieswirt KG Ali G\u00f6rg\u00fcl\u00fc Im Gries 4 6580 St. Anton am Arlberg \u00d6sterreich Telefon: +43 664 9111571 E-Mail: info@der-grieswirt.at UID-Nummer: ATU81274149","og_url":"https:\/\/der-grieswirt.at\/en\/impressum\/","og_site_name":"Ihr Restaurant in St. Anton am Arlberg","twitter_card":"summary_large_image","twitter_misc":{"Est. reading time":"2 minutes"},"schema":{"@context":"https:\/\/schema.org","@graph":[{"@type":"WebPage","@id":"https:\/\/der-grieswirt.at\/en\/impressum\/","url":"https:\/\/der-grieswirt.at\/en\/impressum\/","name":"Impressum - Ihr Restaurant in St. Anton am Arlberg","isPartOf":{"@id":"https:\/\/der-grieswirt.at\/en\/#website"},"datePublished":"2026-01-04T17:42:08+00:00","breadcrumb":{"@id":"https:\/\/der-grieswirt.at\/en\/impressum\/#breadcrumb"},"inLanguage":"en-US","potentialAction":[{"@type":"ReadAction","target":["https:\/\/der-grieswirt.at\/en\/impressum\/"]}]},{"@type":"BreadcrumbList","@id":"https:\/\/der-grieswirt.at\/en\/impressum\/#breadcrumb","itemListElement":[{"@type":"ListItem","position":1,"name":"Start","item":"https:\/\/der-grieswirt.at\/en\/"},{"@type":"ListItem","position":2,"name":"Impressum"}]},{"@type":"WebSite","@id":"https:\/\/der-grieswirt.at\/en\/#website","url":"https:\/\/der-grieswirt.at\/en\/","name":"Ihr Restaurant in St. Anton am Arlberg","description":"","publisher":{"@id":"https:\/\/der-grieswirt.at\/en\/#organization"},"potentialAction":[{"@type":"SearchAction","target":{"@type":"EntryPoint","urlTemplate":"https:\/\/der-grieswirt.at\/en\/?s={search_term_string}"},"query-input":{"@type":"PropertyValueSpecification","valueRequired":true,"valueName":"search_term_string"}}],"inLanguage":"en-US"},{"@type":"Organization","@id":"https:\/\/der-grieswirt.at\/en\/#organization","name":"Ihr Restaurant in St. Anton am Arlberg","url":"https:\/\/der-grieswirt.at\/en\/","logo":{"@type":"ImageObject","inLanguage":"en-US","@id":"https:\/\/der-grieswirt.at\/en\/#\/schema\/logo\/image\/","url":"https:\/\/der-grieswirt.at\/wp-content\/uploads\/2026\/01\/Der_grieswirt_footer-1.png","contentUrl":"https:\/\/der-grieswirt.at\/wp-content\/uploads\/2026\/01\/Der_grieswirt_footer-1.png","width":600,"height":200,"caption":"Ihr Restaurant in St. Anton am Arlberg"},"image":{"@id":"https:\/\/der-grieswirt.at\/en\/#\/schema\/logo\/image\/"}}]}},"_links":{"self":[{"href":"https:\/\/der-grieswirt.at\/en\/wp-json\/wp\/v2\/pages\/2187","targetHints":{"allow":["GET"]}}],"collection":[{"href":"https:\/\/der-grieswirt.at\/en\/wp-json\/wp\/v2\/pages"}],"about":[{"href":"https:\/\/der-grieswirt.at\/en\/wp-json\/wp\/v2\/types\/page"}],"author":[{"embeddable":true,"href":"https:\/\/der-grieswirt.at\/en\/wp-json\/wp\/v2\/users\/1"}],"replies":[{"embeddable":true,"href":"https:\/\/der-grieswirt.at\/en\/wp-json\/wp\/v2\/comments?post=2187"}],"version-history":[{"count":0,"href":"https:\/\/der-grieswirt.at\/en\/wp-json\/wp\/v2\/pages\/2187\/revisions"}],"wp:attachment":[{"href":"https:\/\/der-grieswirt.at\/en\/wp-json\/wp\/v2\/media?parent=2187"}],"curies":[{"name":"wp","href":"https:\/\/api.w.org\/{rel}","templated":true}]}}