{"id":2176,"date":"2025-12-18T08:17:05","date_gmt":"2025-12-18T08:17:05","guid":{"rendered":"https:\/\/der-grieswirt.at\/datenschutzerklaerung-2\/"},"modified":"2026-01-05T07:14:49","modified_gmt":"2026-01-05T07:14:49","slug":"datenschutzerklaerung","status":"publish","type":"page","link":"https:\/\/der-grieswirt.at\/en\/datenschutzerklaerung\/","title":{"rendered":"Datenschutzerkl\u00e4rung"},"content":{"rendered":"\t\t<div data-elementor-type=\"wp-page\" data-elementor-id=\"2176\" class=\"elementor elementor-2176 elementor-860\">\n\t\t\t\t<div class=\"elementor-element elementor-element-714faee e-flex e-con-boxed e-con e-parent\" data-id=\"714faee\" data-element_type=\"container\" data-e-type=\"container\" data-settings=\"{&quot;background_background&quot;:&quot;classic&quot;,&quot;shape_divider_bottom&quot;:&quot;curve&quot;,&quot;shape_divider_bottom_negative&quot;:&quot;yes&quot;}\">\n\t\t\t\t\t<div class=\"e-con-inner\">\n\t\t\t\t<div class=\"elementor-shape elementor-shape-bottom\" aria-hidden=\"true\" data-negative=\"true\">\n\t\t\t<svg xmlns=\"http:\/\/www.w3.org\/2000\/svg\" viewBox=\"0 0 1000 100\" preserveAspectRatio=\"none\">\n\t<path class=\"elementor-shape-fill\" d=\"M500,97C126.7,96.3,0.8,19.8,0,0v100l1000,0V1C1000,19.4,873.3,97.8,500,97z\"\/>\n<\/svg>\t\t<\/div>\n\t\t<div class=\"elementor-element elementor-element-443caed e-con-full e-flex e-con e-child\" data-id=\"443caed\" data-element_type=\"container\" data-e-type=\"container\">\n\t\t\t\t<div class=\"elementor-element elementor-element-42c4cee elementor-widget elementor-widget-heading\" data-id=\"42c4cee\" data-element_type=\"widget\" data-e-type=\"widget\" data-widget_type=\"heading.default\">\n\t\t\t\t\t<h1 class=\"elementor-heading-title elementor-size-default\">Datenschutzerkl\u00e4rung<\/h1>\t\t\t\t<\/div>\n\t\t\t\t<\/div>\n\t\t\t\t\t<\/div>\n\t\t\t\t<\/div>\n\t\t<div class=\"elementor-element elementor-element-573ca35 e-flex e-con-boxed e-con e-parent\" data-id=\"573ca35\" data-element_type=\"container\" data-e-type=\"container\">\n\t\t\t\t\t<div class=\"e-con-inner\">\n\t\t\t\t<div class=\"elementor-element elementor-element-910e238 elementor-widget elementor-widget-html\" data-id=\"910e238\" data-element_type=\"widget\" data-e-type=\"widget\" data-widget_type=\"html.default\">\n\t\t\t\t\t<p><strong>Datenschutzerkl\u00e4rung<\/strong><\/p>\r\n\r\n<p>\r\nDer Schutz Ihrer pers\u00f6nlichen Daten ist uns ein besonderes Anliegen.\r\nWir verarbeiten Ihre personenbezogenen Daten ausschlie\u00dflich auf Grundlage\r\nder gesetzlichen Bestimmungen (DSGVO, TKG 2021).\r\n<\/p>\r\n\r\n<p><strong>Kontakt<\/strong><\/p>\r\n<p>\r\nWenn Sie per Telefon, E-Mail oder \u00fcber WhatsApp Kontakt mit uns aufnehmen,\r\nwerden Ihre angegebenen Daten zur Bearbeitung Ihrer Anfrage verarbeitet.\r\nEine Weitergabe erfolgt nicht ohne Ihre Einwilligung.\r\n<\/p>\r\n\r\n<p><strong>Telefon<\/strong><\/p>\r\n<p>\r\nBei einer telefonischen Kontaktaufnahme werden keine personenbezogenen Daten\r\n\u00fcber unsere Website gespeichert.\r\n<\/p>\r\n\r\n<p><strong>WhatsApp<\/strong><\/p>\r\n<p>\r\nAuf unserer Website ist ein WhatsApp-Link eingebunden.\r\nDurch Anklicken des Icons werden Sie zu WhatsApp (WhatsApp Ireland Limited, Dublin) weitergeleitet.\r\nDabei k\u00f6nnen personenbezogene Daten an WhatsApp \u00fcbermittelt werden.\r\nEs gelten die Datenschutzbestimmungen von WhatsApp.\r\n<\/p>\r\n\r\n<p><strong>Google Maps<\/strong><\/p>\r\n<p>\r\nDiese Website nutzt Google Maps zur Darstellung von Karten.\r\nAnbieter ist Google Ireland Limited, Dublin.\r\nZur Nutzung von Google Maps ist die Verarbeitung Ihrer IP-Adresse erforderlich.\r\nWir haben keinen Einfluss auf diese Datenverarbeitung.\r\n<\/p>\r\n\r\n<p><strong>Cookies<\/strong><\/p>\r\n<p>\r\nUnsere Website verwendet keine Analyse- oder Marketing-Cookies.\r\nEs werden ausschlie\u00dflich technisch notwendige Cookies eingesetzt,\r\nsofern diese f\u00fcr den Betrieb der Website erforderlich sind\r\n(\u00a7 165 Abs. 3 TKG 2021).\r\n<\/p>\r\n\r\n<p><strong>Ihre Rechte<\/strong><\/p>\r\n<p>\r\nIhnen stehen die Rechte auf Auskunft, Berichtigung, L\u00f6schung,\r\nEinschr\u00e4nkung der Verarbeitung, Daten\u00fcbertragbarkeit sowie\r\nWiderruf und Widerspruch zu.\r\nBeschwerden k\u00f6nnen bei der \u00f6sterreichischen Datenschutzbeh\u00f6rde eingebracht werden.\r\n<\/p>\r\n\t\t\t\t<\/div>\n\t\t\t\t\t<\/div>\n\t\t\t\t<\/div>\n\t\t\t\t<\/div>\n\t\t","protected":false},"excerpt":{"rendered":"<p>Datenschutzerkl\u00e4rung Datenschutzerkl\u00e4rung Der Schutz Ihrer pers\u00f6nlichen Daten ist uns ein besonderes Anliegen. Wir verarbeiten Ihre personenbezogenen Daten ausschlie\u00dflich auf Grundlage der gesetzlichen Bestimmungen (DSGVO, TKG 2021). Kontakt Wenn Sie per Telefon, E-Mail oder \u00fcber WhatsApp Kontakt mit uns aufnehmen, werden Ihre angegebenen Daten zur Bearbeitung Ihrer Anfrage verarbeitet. Eine Weitergabe erfolgt nicht ohne Ihre Einwilligung. [&hellip;]<\/p>\n","protected":false},"author":1,"featured_media":0,"parent":0,"menu_order":0,"comment_status":"closed","ping_status":"closed","template":"","meta":{"site-sidebar-layout":"no-sidebar","site-content-layout":"page-builder","ast-site-content-layout":"full-width-container","site-content-style":"unboxed","site-sidebar-style":"unboxed","ast-global-header-display":"","ast-banner-title-visibility":"","ast-main-header-display":"","ast-hfb-above-header-display":"","ast-hfb-below-header-display":"","ast-hfb-mobile-header-display":"","site-post-title":"disabled","ast-breadcrumbs-content":"disabled","ast-featured-img":"disabled","footer-sml-layout":"","ast-disable-related-posts":"","theme-transparent-header-meta":"enabled","adv-header-id-meta":"","stick-header-meta":"default","header-above-stick-meta":"","header-main-stick-meta":"","header-below-stick-meta":"","astra-migrate-meta-layouts":"set","ast-page-background-enabled":"default","ast-page-background-meta":{"desktop":{"background-color":"","background-image":"","background-repeat":"repeat","background-position":"center center","background-size":"auto","background-attachment":"scroll","background-type":"","background-media":"","overlay-type":"","overlay-color":"","overlay-opacity":"","overlay-gradient":""},"tablet":{"background-color":"","background-image":"","background-repeat":"repeat","background-position":"center center","background-size":"auto","background-attachment":"scroll","background-type":"","background-media":"","overlay-type":"","overlay-color":"","overlay-opacity":"","overlay-gradient":""},"mobile":{"background-color":"","background-image":"","background-repeat":"repeat","background-position":"center center","background-size":"auto","background-attachment":"scroll","background-type":"","background-media":"","overlay-type":"","overlay-color":"","overlay-opacity":"","overlay-gradient":""}},"ast-content-background-meta":{"desktop":{"background-color":"var(--ast-global-color-5)","background-image":"","background-repeat":"repeat","background-position":"center center","background-size":"auto","background-attachment":"scroll","background-type":"","background-media":"","overlay-type":"","overlay-color":"","overlay-opacity":"","overlay-gradient":""},"tablet":{"background-color":"var(--ast-global-color-5)","background-image":"","background-repeat":"repeat","background-position":"center center","background-size":"auto","background-attachment":"scroll","background-type":"","background-media":"","overlay-type":"","overlay-color":"","overlay-opacity":"","overlay-gradient":""},"mobile":{"background-color":"var(--ast-global-color-5)","background-image":"","background-repeat":"repeat","background-position":"center center","background-size":"auto","background-attachment":"scroll","background-type":"","background-media":"","overlay-type":"","overlay-color":"","overlay-opacity":"","overlay-gradient":""}},"footnotes":""},"class_list":["post-2176","page","type-page","status-publish","hentry"],"yoast_head":"<!-- This site is optimized with the Yoast SEO plugin v26.6 - https:\/\/yoast.com\/wordpress\/plugins\/seo\/ -->\n<title>Datenschutzerkl\u00e4rung - Ihr Restaurant in St. Anton am Arlberg<\/title>\n<meta name=\"robots\" content=\"index, follow, max-snippet:-1, max-image-preview:large, max-video-preview:-1\" \/>\n<link rel=\"canonical\" href=\"https:\/\/der-grieswirt.at\/en\/datenschutzerklaerung\/\" \/>\n<meta property=\"og:locale\" content=\"en_US\" \/>\n<meta property=\"og:type\" content=\"article\" \/>\n<meta property=\"og:title\" content=\"Datenschutzerkl\u00e4rung - Ihr Restaurant in St. Anton am Arlberg\" \/>\n<meta property=\"og:description\" content=\"Datenschutzerkl\u00e4rung Datenschutzerkl\u00e4rung Der Schutz Ihrer pers\u00f6nlichen Daten ist uns ein besonderes Anliegen. Wir verarbeiten Ihre personenbezogenen Daten ausschlie\u00dflich auf Grundlage der gesetzlichen Bestimmungen (DSGVO, TKG 2021). Kontakt Wenn Sie per Telefon, E-Mail oder \u00fcber WhatsApp Kontakt mit uns aufnehmen, werden Ihre angegebenen Daten zur Bearbeitung Ihrer Anfrage verarbeitet. Eine Weitergabe erfolgt nicht ohne Ihre Einwilligung. [&hellip;]\" \/>\n<meta property=\"og:url\" content=\"https:\/\/der-grieswirt.at\/en\/datenschutzerklaerung\/\" \/>\n<meta property=\"og:site_name\" content=\"Ihr Restaurant in St. Anton am Arlberg\" \/>\n<meta property=\"article:modified_time\" content=\"2026-01-05T07:14:49+00:00\" \/>\n<meta name=\"twitter:card\" content=\"summary_large_image\" \/>\n<meta name=\"twitter:label1\" content=\"Est. reading time\" \/>\n\t<meta name=\"twitter:data1\" content=\"2 minutes\" \/>\n<script type=\"application\/ld+json\" class=\"yoast-schema-graph\">{\"@context\":\"https:\/\/schema.org\",\"@graph\":[{\"@type\":\"WebPage\",\"@id\":\"https:\/\/der-grieswirt.at\/en\/datenschutzerklaerung\/\",\"url\":\"https:\/\/der-grieswirt.at\/en\/datenschutzerklaerung\/\",\"name\":\"Datenschutzerkl\u00e4rung - Ihr Restaurant in St. Anton am Arlberg\",\"isPartOf\":{\"@id\":\"https:\/\/der-grieswirt.at\/en\/#website\"},\"datePublished\":\"2025-12-18T08:17:05+00:00\",\"dateModified\":\"2026-01-05T07:14:49+00:00\",\"breadcrumb\":{\"@id\":\"https:\/\/der-grieswirt.at\/en\/datenschutzerklaerung\/#breadcrumb\"},\"inLanguage\":\"en-US\",\"potentialAction\":[{\"@type\":\"ReadAction\",\"target\":[\"https:\/\/der-grieswirt.at\/en\/datenschutzerklaerung\/\"]}]},{\"@type\":\"BreadcrumbList\",\"@id\":\"https:\/\/der-grieswirt.at\/en\/datenschutzerklaerung\/#breadcrumb\",\"itemListElement\":[{\"@type\":\"ListItem\",\"position\":1,\"name\":\"Start\",\"item\":\"https:\/\/der-grieswirt.at\/en\/\"},{\"@type\":\"ListItem\",\"position\":2,\"name\":\"Datenschutzerkl\u00e4rung\"}]},{\"@type\":\"WebSite\",\"@id\":\"https:\/\/der-grieswirt.at\/en\/#website\",\"url\":\"https:\/\/der-grieswirt.at\/en\/\",\"name\":\"Ihr Restaurant in St. Anton am Arlberg\",\"description\":\"\",\"publisher\":{\"@id\":\"https:\/\/der-grieswirt.at\/en\/#organization\"},\"potentialAction\":[{\"@type\":\"SearchAction\",\"target\":{\"@type\":\"EntryPoint\",\"urlTemplate\":\"https:\/\/der-grieswirt.at\/en\/?s={search_term_string}\"},\"query-input\":{\"@type\":\"PropertyValueSpecification\",\"valueRequired\":true,\"valueName\":\"search_term_string\"}}],\"inLanguage\":\"en-US\"},{\"@type\":\"Organization\",\"@id\":\"https:\/\/der-grieswirt.at\/en\/#organization\",\"name\":\"Ihr Restaurant in St. Anton am Arlberg\",\"url\":\"https:\/\/der-grieswirt.at\/en\/\",\"logo\":{\"@type\":\"ImageObject\",\"inLanguage\":\"en-US\",\"@id\":\"https:\/\/der-grieswirt.at\/en\/#\/schema\/logo\/image\/\",\"url\":\"https:\/\/der-grieswirt.at\/wp-content\/uploads\/2026\/01\/Der_grieswirt_footer-1.png\",\"contentUrl\":\"https:\/\/der-grieswirt.at\/wp-content\/uploads\/2026\/01\/Der_grieswirt_footer-1.png\",\"width\":600,\"height\":200,\"caption\":\"Ihr Restaurant in St. Anton am Arlberg\"},\"image\":{\"@id\":\"https:\/\/der-grieswirt.at\/en\/#\/schema\/logo\/image\/\"}}]}<\/script>\n<!-- \/ Yoast SEO plugin. -->","yoast_head_json":{"title":"Datenschutzerkl\u00e4rung - Ihr Restaurant in St. Anton am Arlberg","robots":{"index":"index","follow":"follow","max-snippet":"max-snippet:-1","max-image-preview":"max-image-preview:large","max-video-preview":"max-video-preview:-1"},"canonical":"https:\/\/der-grieswirt.at\/en\/datenschutzerklaerung\/","og_locale":"en_US","og_type":"article","og_title":"Datenschutzerkl\u00e4rung - Ihr Restaurant in St. Anton am Arlberg","og_description":"Datenschutzerkl\u00e4rung Datenschutzerkl\u00e4rung Der Schutz Ihrer pers\u00f6nlichen Daten ist uns ein besonderes Anliegen. Wir verarbeiten Ihre personenbezogenen Daten ausschlie\u00dflich auf Grundlage der gesetzlichen Bestimmungen (DSGVO, TKG 2021). Kontakt Wenn Sie per Telefon, E-Mail oder \u00fcber WhatsApp Kontakt mit uns aufnehmen, werden Ihre angegebenen Daten zur Bearbeitung Ihrer Anfrage verarbeitet. Eine Weitergabe erfolgt nicht ohne Ihre Einwilligung. [&hellip;]","og_url":"https:\/\/der-grieswirt.at\/en\/datenschutzerklaerung\/","og_site_name":"Ihr Restaurant in St. Anton am Arlberg","article_modified_time":"2026-01-05T07:14:49+00:00","twitter_card":"summary_large_image","twitter_misc":{"Est. reading time":"2 minutes"},"schema":{"@context":"https:\/\/schema.org","@graph":[{"@type":"WebPage","@id":"https:\/\/der-grieswirt.at\/en\/datenschutzerklaerung\/","url":"https:\/\/der-grieswirt.at\/en\/datenschutzerklaerung\/","name":"Datenschutzerkl\u00e4rung - Ihr Restaurant in St. Anton am Arlberg","isPartOf":{"@id":"https:\/\/der-grieswirt.at\/en\/#website"},"datePublished":"2025-12-18T08:17:05+00:00","dateModified":"2026-01-05T07:14:49+00:00","breadcrumb":{"@id":"https:\/\/der-grieswirt.at\/en\/datenschutzerklaerung\/#breadcrumb"},"inLanguage":"en-US","potentialAction":[{"@type":"ReadAction","target":["https:\/\/der-grieswirt.at\/en\/datenschutzerklaerung\/"]}]},{"@type":"BreadcrumbList","@id":"https:\/\/der-grieswirt.at\/en\/datenschutzerklaerung\/#breadcrumb","itemListElement":[{"@type":"ListItem","position":1,"name":"Start","item":"https:\/\/der-grieswirt.at\/en\/"},{"@type":"ListItem","position":2,"name":"Datenschutzerkl\u00e4rung"}]},{"@type":"WebSite","@id":"https:\/\/der-grieswirt.at\/en\/#website","url":"https:\/\/der-grieswirt.at\/en\/","name":"Ihr Restaurant in St. Anton am Arlberg","description":"","publisher":{"@id":"https:\/\/der-grieswirt.at\/en\/#organization"},"potentialAction":[{"@type":"SearchAction","target":{"@type":"EntryPoint","urlTemplate":"https:\/\/der-grieswirt.at\/en\/?s={search_term_string}"},"query-input":{"@type":"PropertyValueSpecification","valueRequired":true,"valueName":"search_term_string"}}],"inLanguage":"en-US"},{"@type":"Organization","@id":"https:\/\/der-grieswirt.at\/en\/#organization","name":"Ihr Restaurant in St. Anton am Arlberg","url":"https:\/\/der-grieswirt.at\/en\/","logo":{"@type":"ImageObject","inLanguage":"en-US","@id":"https:\/\/der-grieswirt.at\/en\/#\/schema\/logo\/image\/","url":"https:\/\/der-grieswirt.at\/wp-content\/uploads\/2026\/01\/Der_grieswirt_footer-1.png","contentUrl":"https:\/\/der-grieswirt.at\/wp-content\/uploads\/2026\/01\/Der_grieswirt_footer-1.png","width":600,"height":200,"caption":"Ihr Restaurant in St. Anton am Arlberg"},"image":{"@id":"https:\/\/der-grieswirt.at\/en\/#\/schema\/logo\/image\/"}}]}},"_links":{"self":[{"href":"https:\/\/der-grieswirt.at\/en\/wp-json\/wp\/v2\/pages\/2176","targetHints":{"allow":["GET"]}}],"collection":[{"href":"https:\/\/der-grieswirt.at\/en\/wp-json\/wp\/v2\/pages"}],"about":[{"href":"https:\/\/der-grieswirt.at\/en\/wp-json\/wp\/v2\/types\/page"}],"author":[{"embeddable":true,"href":"https:\/\/der-grieswirt.at\/en\/wp-json\/wp\/v2\/users\/1"}],"replies":[{"embeddable":true,"href":"https:\/\/der-grieswirt.at\/en\/wp-json\/wp\/v2\/comments?post=2176"}],"version-history":[{"count":6,"href":"https:\/\/der-grieswirt.at\/en\/wp-json\/wp\/v2\/pages\/2176\/revisions"}],"predecessor-version":[{"id":2223,"href":"https:\/\/der-grieswirt.at\/en\/wp-json\/wp\/v2\/pages\/2176\/revisions\/2223"}],"wp:attachment":[{"href":"https:\/\/der-grieswirt.at\/en\/wp-json\/wp\/v2\/media?parent=2176"}],"curies":[{"name":"wp","href":"https:\/\/api.w.org\/{rel}","templated":true}]}}